{"id":6,"date":"2020-04-07T06:07:10","date_gmt":"2020-04-07T06:07:10","guid":{"rendered":"http:\/\/www.christinamothwurf.at\/?page_id=6"},"modified":"2025-05-10T08:40:29","modified_gmt":"2025-05-10T08:40:29","slug":"christina-mothwurf","status":"publish","type":"page","link":"https:\/\/www.christinamothwurf.at\/","title":{"rendered":"Christina Mothwurf"},"content":{"rendered":"\n<h2 class=\"wp-block-heading\">Mich haben Sie schon gefunden. Jetzt finden wir Wege f\u00fcr Sie.<\/h2>\n\n\n\n<p><\/p>\n\n\n\n<p>In meinem Tun dreht sich alles um Beziehungen \u2013 zur Familie, zu Partnerin oder Partner, zum Job und letztlich zu sich selbst. Und es dreht sich darum, auch in schwierigen Situationen handlungsf\u00e4hig zu bleiben. Mit Psychotherapie als Werkzeug unterst\u00fctze ich meine KlientInnen bei Entscheidungsfindungen, sorge f\u00fcr neue Perspektiven oder begleite sie auf ihrem Weg zu mehr Leichtigkeit und Lebendigkeit.<\/p>\n\n\n\n<p>Apropos Weg: Diese Website ist erst auf dem Weg, fertig zu werden. Bald wird es hier mehr zu sehen und lesen geben. Angekommen bin ich hingegen schon in meiner Praxis, wo ich mit wertvollen, wertsch\u00e4tzenden und nat\u00fcrlich vollkommen vertraulichen Gespr\u00e4chen f\u00fcr Sie da bin. Und das \u00fcbrigens auch gerne telefonisch oder \u00fcber Videochat auf gesicherten Kan\u00e4len.<\/p>\n\n\n\n<h2 class=\"wp-block-heading\">Hier erreichen Sie mich<\/h2>\n\n\n\n<p>Christina Mothwurf<\/p>\n\n\n\n<p>Coaching &amp; Training<br>Psychotherapeutin <br>Integrative Gestalttherapie<br>Telefon: <a href=\"tel:+4367763467840\">+43677 634 678 40<\/a><br>E-mail: <a href=\"mailto:praxis@christinamothwurf.at\">praxis@christinamothwurf.at<\/a><br><br>Penzinger Stra\u00dfe 40,  T\u00fcr 5  (1. Stock)<br>1140 Wien<\/p>\n","protected":false},"excerpt":{"rendered":"<p>Mich haben Sie schon gefunden. Jetzt finden wir Wege f\u00fcr Sie. In meinem Tun dreht sich alles um Beziehungen \u2013 zur Familie, zu Partnerin oder Partner, zum Job und letztlich zu sich selbst. Und es dreht sich darum, auch in schwierigen Situationen handlungsf\u00e4hig zu bleiben. Mit Psychotherapie als Werkzeug unterst\u00fctze ich meine KlientInnen bei Entscheidungsfindungen, [&hellip;]<\/p>\n","protected":false},"author":1,"featured_media":0,"parent":0,"menu_order":0,"comment_status":"closed","ping_status":"closed","template":"page-templates\/front-page.php","meta":{"footnotes":""},"class_list":["post-6","page","type-page","status-publish","hentry"],"jetpack_sharing_enabled":true,"_links":{"self":[{"href":"https:\/\/www.christinamothwurf.at\/index.php?rest_route=\/wp\/v2\/pages\/6","targetHints":{"allow":["GET"]}}],"collection":[{"href":"https:\/\/www.christinamothwurf.at\/index.php?rest_route=\/wp\/v2\/pages"}],"about":[{"href":"https:\/\/www.christinamothwurf.at\/index.php?rest_route=\/wp\/v2\/types\/page"}],"author":[{"embeddable":true,"href":"https:\/\/www.christinamothwurf.at\/index.php?rest_route=\/wp\/v2\/users\/1"}],"replies":[{"embeddable":true,"href":"https:\/\/www.christinamothwurf.at\/index.php?rest_route=%2Fwp%2Fv2%2Fcomments&post=6"}],"version-history":[{"count":28,"href":"https:\/\/www.christinamothwurf.at\/index.php?rest_route=\/wp\/v2\/pages\/6\/revisions"}],"predecessor-version":[{"id":116,"href":"https:\/\/www.christinamothwurf.at\/index.php?rest_route=\/wp\/v2\/pages\/6\/revisions\/116"}],"wp:attachment":[{"href":"https:\/\/www.christinamothwurf.at\/index.php?rest_route=%2Fwp%2Fv2%2Fmedia&parent=6"}],"curies":[{"name":"wp","href":"https:\/\/api.w.org\/{rel}","templated":true}]}}