{"id":2,"date":"2020-04-06T14:52:10","date_gmt":"2020-04-06T14:52:10","guid":{"rendered":"http:\/\/www.christinamothwurf.at\/?page_id=2"},"modified":"2025-05-10T08:42:47","modified_gmt":"2025-05-10T08:42:47","slug":"sample-page","status":"publish","type":"page","link":"https:\/\/www.christinamothwurf.at\/?page_id=2","title":{"rendered":"Datenschutz"},"content":{"rendered":"\n<p>Als Psychotherapeutin stehe ich gem\u00e4\u00df \u00a745 Psychotherapiegesetz, <a rel=\"noreferrer noopener\" href=\"https:\/\/www.ris.bka.gv.at\/eli\/bgbl\/I\/2024\/49\" target=\"_blank\">BGBl. I Nr. 49\/2024<\/a> unter strenger Verschwiegenheitspflicht bez\u00fcglich aller mir in Aus\u00fcbung meines Berufs anvertrauten oder bekannt gewordenen Inhalte.<br><br>Soweit auf dieser Seite personenbezogene Daten (beispielsweise Name, Anschrift oder E-Mail-Adressen) erhoben werden, erfolgt dies soweit m\u00f6glich stets auf freiwilliger Basis. Die Nutzung der Angebote und Dienste ist, soweit m\u00f6glich, stets ohne Angabe personenbezogener Daten m\u00f6glich.<\/p>\n\n\n\n<p>Der Nutzung von im Rahmen der Impressumspflicht ver\u00f6ffentlichten Kontaktdaten durch Dritte zur \u00dcbersendung von nicht ausdr\u00fccklich angeforderter Werbung und Informationsmaterialien wird hiermit ausdr\u00fccklich widersprochen. Die Betreiberin dieser Seite beh\u00e4lt sich ausdr\u00fccklich rechtliche Schritte im Falle der unverlangten Zusendung von Werbeinformationen, etwa durch Spam-Mails, vor.<\/p>\n\n\n\n<h3 class=\"wp-block-heading\">Art der verarbeiteten Daten<\/h3>\n\n\n\n<p>Wenn Sie heutzutage Webseiten besuchen, werden gewisse Informationen automatisch erstellt und gespeichert, so auch auf dieser Webseite.<\/p>\n\n\n\n<p>Wenn Sie unsere Webseite so wie jetzt gerade besuchen, speichert unser Webserver (Computer auf dem diese Webseite gespeichert ist) automatisch Daten wie<\/p>\n\n\n\n<pre class=\"wp-block-code\"><code>die Adresse (URL) der aufgerufenen Webseite\nBrowser und Browserversion\ndas verwendete Betriebssystem\ndie Adresse (URL) der zuvor besuchten Seite (Referrer URL)\nden Hostname und die IP-Adresse des Ger\u00e4ts von welchem aus zugegriffen wird\nDatum und Uhrzeit<\/code><\/pre>\n\n\n\n<p>in Dateien (Webserver-Logfiles).<\/p>\n\n\n\n<p>In der Regel werden Webserver-Logfiles zwei Wochen gespeichert und danach automatisch gel\u00f6scht. Wir geben diese Daten nicht weiter, k\u00f6nnen jedoch nicht ausschlie\u00dfen, dass diese Daten beim Vorliegen von rechtswidrigem Verhalten eingesehen werden.<\/p>\n\n\n\n<h3 class=\"wp-block-heading\">Speicherung pers\u00f6nlicher Daten<\/h3>\n\n\n\n<p>Pers\u00f6nliche Daten, die Sie uns auf dieser Website elektronisch \u00fcbermitteln, wie zum Beispiel Name, E-Mail-Adresse, Adresse oder andere pers\u00f6nlichen Angaben im Rahmen der \u00dcbermittlung eines Formulars oder Kommentaren im Blog, werden von uns gemeinsam mit dem Zeitpunkt und der IP-Adresse nur zum jeweils angegebenen Zweck verwendet, sicher verwahrt und nicht an Dritte weitergegeben.<\/p>\n\n\n\n<p>Wir nutzen Ihre pers\u00f6nlichen Daten somit nur f\u00fcr die Kommunikation mit jenen Besuchern, die Kontakt ausdr\u00fccklich w\u00fcnschen und f\u00fcr die Abwicklung der auf dieser Webseite angebotenen Dienstleistungen und Produkte. Wir geben Ihre pers\u00f6nlichen Daten ohne Zustimmung nicht weiter, k\u00f6nnen jedoch nicht ausschlie\u00dfen, dass diese Daten beim Vorliegen von rechtswidrigem Verhalten eingesehen werden.<\/p>\n\n\n\n<p>Wenn Sie uns pers\u00f6nliche Daten per E-Mail schicken \u2013 somit abseits dieser Webseite \u2013 k\u00f6nnen wir keine sichere \u00dcbertragung und den Schutz Ihrer Daten garantieren. Wir empfehlen Ihnen, vertrauliche Daten niemals unverschl\u00fcsselt per E-Mail zu \u00fcbermitteln.<\/p>\n\n\n\n<h3 class=\"wp-block-heading\">Cookies<\/h3>\n\n\n\n<p>Um den Besuch unserer Webseite attraktiv zu gestalten und die Nutzung bestimmter Funktionen zu erm\u00f6glichen, verwenden wir auf verschiedenen Seiten sogenannte Cookies. Hierbei handelt es sich um kleine Textdateien, die auf Ihrem Endger\u00e4t abgelegt werden. Einige der von uns verwendeten Cookies werden nach dem Ende der Browser-Sitzung, also nach Schlie\u00dfen Ihres Browsers, wieder gel\u00f6scht (sog. Sitzungs-Cookies). Andere Cookies verbleiben auf Ihrem Endger\u00e4t und erm\u00f6glichen uns oder unseren Partnerunternehmen, Ihren Browser beim n\u00e4chsten Besuch wiederzuerkennen (persistente Cookies).<\/p>\n\n\n\n<p>\u00dcber Cookies kann weder auf andere Dateien auf Ihrem Computer zugegriffen werden noch Ihre E-Mail-Adresse ermittelt werden.<\/p>\n\n\n\n<p>Die meisten Browser sind so eingestellt, dass sie Cookies automatisch akzeptieren. Wenn in Ihrem Browser die Standardeinstellungen f\u00fcr Cookies gespeichert sind, laufen alle Prozesse unbemerkt f\u00fcr Sie im Hintergrund. Allerdings k\u00f6nnen diese Einstellungen von Ihnen ver\u00e4ndert werden.<\/p>\n\n\n\n<p>Sie k\u00f6nnen Ihren Browser so einstellen, dass Sie \u00fcber das Setzen von Cookies informiert werden und einzeln \u00fcber deren Annahme entscheiden oder die Annahme von Cookies f\u00fcr bestimmte F\u00e4lle oder generell ausschlie\u00dfen. Einige Webseiten \u2013 so auch unsere \u2013 k\u00f6nnen jedoch ohne Cookies nicht richtig genutzt werden, da diese Dateien f\u00fcr Abl\u00e4ufe, wie beispielsweise Bestellungen, ben\u00f6tigt werden.<\/p>\n\n\n\n<h3 class=\"wp-block-heading\">Was sind Cookies?<\/h3>\n\n\n\n<p>Ein Cookie ist eine kleine Textdatei, die ein Webportal auf Ihrem Rechner, Tablet-Computer oder Smartphone hinterl\u00e4sst, wenn Sie es besuchen. So kann sich das Portal bestimmte Eingaben und Einstellungen (z. B. Login, Sprache, Schriftgr\u00f6\u00dfe und andere Anzeigepr\u00e4ferenzen) \u00fcber einen bestimmten Zeitraum \u201emerken\u201c, und Sie brauchen diese nicht bei jedem weiteren Besuch und beim Navigieren im Portal erneut vorzunehmen.<\/p>\n\n\n\n<p>Das Akzeptieren von Cookies ist zwar f\u00fcr die Nutzung des Portals nicht unbedingt erforderlich, macht das Surfen aber angenehmer. Sie k\u00f6nnen Cookies blockieren oder l\u00f6schen \u2013 das kann jedoch einige Funktionen dieses Portals beeintr\u00e4chtigen.<\/p>\n\n\n\n<p>Die mithilfe von Cookies erhobenen Informationen werden nicht dazu genutzt, Sie zu identifizieren, und die Daten unterliegen vollst\u00e4ndig unserer Kontrolle. Die Cookies dienen keinen anderen Zwecken als den hier genannten.<\/p>\n\n\n\n<h3 class=\"wp-block-heading\">Kontrolle \u00fcber Cookies<\/h3>\n\n\n\n<p>Sie k\u00f6nnen Cookies nach Belieben steuern und\/oder l\u00f6schen. Wie, erfahren Sie hier: aboutcookies.org. Sie k\u00f6nnen alle auf Ihrem Rechner abgelegten Cookies l\u00f6schen und die meisten Browser so einstellen, dass die Ablage von Cookies verhindert wird. Dann m\u00fcssen Sie aber m\u00f6glicherweise einige Einstellungen bei jedem Besuch einer Seite manuell vornehmen und die Beeintr\u00e4chtigung mancher Funktionen in Kauf nehmen. Sie k\u00f6nnen die Speicherung der Cookies durch eine entsprechende Einstellung seiner Browser-Software und dar\u00fcber hinaus die Erfassung der durch das Cookie erzeugten und auf die Nutzung der Website bezogenen Daten (inkl. der IP-Adresse) an Google sowie die Verarbeitung dieser Daten durch Google verhindern, indem er das unter dem folgenden Link verf\u00fcgbare Browser-Plugin herunterl\u00e4dt und installiert: http:\/\/tools.google.com\/dlpage\/gaoptout?hl=de.<\/p>\n\n\n\n<p>N\u00e4here Informationen zu Nutzungsbedingungen und Datenschutz findet der Nutzer unter http:\/\/www.google.com\/analytics\/terms\/de.html bzw unter https:\/\/www.google.com\/policies\/privacy\/partners\/.<\/p>\n\n\n\n<p>Sie k\u00f6nnen die Installation der Cookies durch eine entsprechende Einstellung Ihrer Browser Software verhindern; wir weisen Sie jedoch darauf hin, dass Sie in diesem Fall gegebenenfalls nicht s\u00e4mtliche Funktionen dieser Webseite vollumf\u00e4nglich nutzen k\u00f6nnen.<\/p>\n\n\n\n<h3 class=\"wp-block-heading\">Auskunft<\/h3>\n\n\n\n<p>Sie haben ein Recht auf Auskunft \u00fcber die zu Ihrer Person oder zu Ihrem Pseudonym gespeicherten Daten und ggf. ein Recht auf Berichtigung, L\u00f6schung oder Sperrung dieser Daten. Die Auskunft kann Ihnen auf Verlangen auch elektronisch erteilt werden.<\/p>\n\n\n\n<h3 class=\"wp-block-heading\">\u00c4nderungsvorbehalt<\/h3>\n\n\n\n<p>Ich behalte mir vor, diese Erkl\u00e4rung zum Datenschutz unter Beachtung der rechtlichen Vorgaben jederzeit zu \u00e4ndern.<\/p>\n\n\n\n<p>Wien, Mai 2025<\/p>\n","protected":false},"excerpt":{"rendered":"<p>Als Psychotherapeutin stehe ich gem\u00e4\u00df \u00a745 Psychotherapiegesetz, BGBl. I Nr. 49\/2024 unter strenger Verschwiegenheitspflicht bez\u00fcglich aller mir in Aus\u00fcbung meines Berufs anvertrauten oder bekannt gewordenen Inhalte. Soweit auf dieser Seite personenbezogene Daten (beispielsweise Name, Anschrift oder E-Mail-Adressen) erhoben werden, erfolgt dies soweit m\u00f6glich stets auf freiwilliger Basis. Die Nutzung der Angebote und Dienste ist, soweit [&hellip;]<\/p>\n","protected":false},"author":1,"featured_media":0,"parent":0,"menu_order":0,"comment_status":"closed","ping_status":"open","template":"","meta":{"footnotes":""},"class_list":["post-2","page","type-page","status-publish","hentry"],"jetpack_sharing_enabled":true,"_links":{"self":[{"href":"https:\/\/www.christinamothwurf.at\/index.php?rest_route=\/wp\/v2\/pages\/2","targetHints":{"allow":["GET"]}}],"collection":[{"href":"https:\/\/www.christinamothwurf.at\/index.php?rest_route=\/wp\/v2\/pages"}],"about":[{"href":"https:\/\/www.christinamothwurf.at\/index.php?rest_route=\/wp\/v2\/types\/page"}],"author":[{"embeddable":true,"href":"https:\/\/www.christinamothwurf.at\/index.php?rest_route=\/wp\/v2\/users\/1"}],"replies":[{"embeddable":true,"href":"https:\/\/www.christinamothwurf.at\/index.php?rest_route=%2Fwp%2Fv2%2Fcomments&post=2"}],"version-history":[{"count":8,"href":"https:\/\/www.christinamothwurf.at\/index.php?rest_route=\/wp\/v2\/pages\/2\/revisions"}],"predecessor-version":[{"id":117,"href":"https:\/\/www.christinamothwurf.at\/index.php?rest_route=\/wp\/v2\/pages\/2\/revisions\/117"}],"wp:attachment":[{"href":"https:\/\/www.christinamothwurf.at\/index.php?rest_route=%2Fwp%2Fv2%2Fmedia&parent=2"}],"curies":[{"name":"wp","href":"https:\/\/api.w.org\/{rel}","templated":true}]}}